{"id":4510,"date":"2024-09-18T16:15:36","date_gmt":"2024-09-18T14:15:36","guid":{"rendered":"https:\/\/wuermlesbader.de\/wp\/?page_id=4510"},"modified":"2024-11-25T23:22:06","modified_gmt":"2024-11-25T22:22:06","slug":"2024-2025","status":"publish","type":"page","link":"https:\/\/wuermlesbader.de\/wp\/?page_id=4510","title":{"rendered":"2024\/2025"},"content":{"rendered":"<p>Die Bildergalerie \u00f6ffnet sich in einem neuen Browserfenster bzw. Tab.<br \/>\nZum Beenden einfach das Fenster schlie\u00dfen.<br \/>\n(Bilder werden in K\u00fcrze nachgeliefert)<\/p>\n<table style=\"width: 100%;\" border=\"1\" cellspacing=\"1\" cellpadding=\"1\">\n<tbody>\n<tr>\n<td><img loading=\"lazy\" decoding=\"async\" class=\"alignnone size-full wp-image-3867\" src=\"https:\/\/wuermlesbader.de\/wp\/wp-content\/uploads\/2023\/12\/1701634159235.jpg\" alt=\"\" width=\"600\" height=\"575\" \/><\/td>\n<td>\n<ul>\n<li><a href=\"https:\/\/wuermlesbader.de\/wp\/?p=4642\" target=\"_blank\" rel=\"noopener noreferrer\">Ordensabend mit Inthronisation <br \/> Gerlingen 23.11.2024<\/a><\/li>\n<li><a href=\"https:\/\/wuermlesbader.de\/wp\/?p=4619\" target=\"_blank\" rel=\"noopener noreferrer\">Ordensabend und Inthro in<br \/>\nBietigheim und Esslingen<br \/>\nam 16.11.2024<\/a><\/li>\n<li><a href=\"https:\/\/wuermlesbader.de\/wp\/?p=4586\" target=\"_blank\" rel=\"noopener noreferrer\">Inthronisation NV Leingarten 15.11.2024<\/a><\/li>\n<li><a href=\"https:\/\/wuermlesbader.de\/wp\/?p=4660\" target=\"_blank\" rel=\"noopener noreferrer\">Ordensabend mit Inthronisation <br \/> Wobachspatzen 11.11.2024<\/a><\/li>\n<li><a href=\"https:\/\/wuermlesbader.de\/wp\/?p=4511\" target=\"_blank\" rel=\"noopener noreferrer\">LWK Jubil\u00e4um 07.09.2024<\/a><\/li>\n<\/ul>\n<\/td>\n<\/tr>\n<tr>\n<td colspan=\"2\"><\/td>\n<\/tr>\n<tr>\n<td><\/td>\n<td><\/td>\n<\/tr>\n<\/tbody>\n<\/table>\n","protected":false},"excerpt":{"rendered":"<p>Die Bildergalerie \u00f6ffnet sich in einem neuen Browserfenster bzw. Tab. Zum Beenden einfach das Fenster schlie\u00dfen. (Bilder werden in K\u00fcrze nachgeliefert) Ordensabend mit Inthronisation Gerlingen 23.11.2024 Ordensabend und Inthro in Bietigheim und Esslingen am 16.11.2024 Inthronisation NV Leingarten 15.11.2024 Ordensabend mit Inthronisation Wobachspatzen 11.11.2024 LWK Jubil\u00e4um 07.09.2024<\/p>\n","protected":false},"author":6,"featured_media":0,"parent":0,"menu_order":0,"comment_status":"closed","ping_status":"closed","template":"","meta":{"footnotes":""},"class_list":["post-4510","page","type-page","status-publish","hentry","nodate","item-wrap"],"_links":{"self":[{"href":"https:\/\/wuermlesbader.de\/wp\/index.php?rest_route=\/wp\/v2\/pages\/4510","targetHints":{"allow":["GET"]}}],"collection":[{"href":"https:\/\/wuermlesbader.de\/wp\/index.php?rest_route=\/wp\/v2\/pages"}],"about":[{"href":"https:\/\/wuermlesbader.de\/wp\/index.php?rest_route=\/wp\/v2\/types\/page"}],"author":[{"embeddable":true,"href":"https:\/\/wuermlesbader.de\/wp\/index.php?rest_route=\/wp\/v2\/users\/6"}],"replies":[{"embeddable":true,"href":"https:\/\/wuermlesbader.de\/wp\/index.php?rest_route=%2Fwp%2Fv2%2Fcomments&post=4510"}],"version-history":[{"count":8,"href":"https:\/\/wuermlesbader.de\/wp\/index.php?rest_route=\/wp\/v2\/pages\/4510\/revisions"}],"predecessor-version":[{"id":4662,"href":"https:\/\/wuermlesbader.de\/wp\/index.php?rest_route=\/wp\/v2\/pages\/4510\/revisions\/4662"}],"wp:attachment":[{"href":"https:\/\/wuermlesbader.de\/wp\/index.php?rest_route=%2Fwp%2Fv2%2Fmedia&parent=4510"}],"curies":[{"name":"wp","href":"https:\/\/api.w.org\/{rel}","templated":true}]}}