{"id":3897,"date":"2023-12-04T20:06:46","date_gmt":"2023-12-04T19:06:46","guid":{"rendered":"https:\/\/wuermlesbader.de\/wp\/?page_id=3897"},"modified":"2024-03-04T14:38:23","modified_gmt":"2024-03-04T13:38:23","slug":"2023-2024","status":"publish","type":"page","link":"https:\/\/wuermlesbader.de\/wp\/?page_id=3897","title":{"rendered":"2023\/2024"},"content":{"rendered":"<p>Die Bildergalerie \u00f6ffnet sich in einem neuen Browserfenster bzw. Tab.<br \/>\nZum Beenden einfach das Fenster schlie\u00dfen.<br \/>\n(Bilder werden in K\u00fcrze nachgeliefert)<br \/>\n&nbsp;<\/p>\n<table style=\"width: 100%;\" border=\"1\" cellspacing=\"1\" cellpadding=\"1\">\n<tbody>\n<tr>\n<td>\n<img loading=\"lazy\" decoding=\"async\" src=\"https:\/\/wuermlesbader.de\/wp\/wp-content\/uploads\/2023\/12\/1701634159235.jpg\" alt=\"\" width=\"600\" height=\"575\" class=\"alignnone size-full wp-image-3867\" \/>\n<\/td>\n<td>\n<ul>\n<li><a href=\"https:\/\/wuermlesbader.de\/wp\/?p=4296\" target=\"_blank\" rel=\"noopener noreferrer\">Abbau Narrenbaum 2024<\/a><\/li>\n<li><a href=\"https:\/\/wuermlesbader.de\/wp\/?p=4247\" target=\"_blank\" rel=\"noopener noreferrer\">ORI-Fasching 2024<\/a><\/li>\n<li><a href=\"https:\/\/wuermlesbader.de\/wp\/?page_id=4167\" target=\"_blank\" rel=\"noopener noreferrer\">LWK Umzug Neckarweihingen 2024<\/a><\/li>\n<li><a href=\"https:\/\/wuermlesbader.de\/wp\/?page_id=4039\" target=\"_blank\" rel=\"noopener noreferrer\">Ordensabend 2023<\/a><\/li>\n<\/ul>\n<\/td>\n<\/tr>\n<tr>\n<td colspan=\"2\"><\/td>\n<\/tr>\n<tr>\n<td><\/td>\n<td><\/td>\n<\/tr>\n<\/tbody>\n<\/table>\n","protected":false},"excerpt":{"rendered":"<p>Die Bildergalerie \u00f6ffnet sich in einem neuen Browserfenster bzw. Tab. Zum Beenden einfach das Fenster schlie\u00dfen. (Bilder werden in K\u00fcrze nachgeliefert) &nbsp; Abbau Narrenbaum 2024 ORI-Fasching 2024 LWK Umzug Neckarweihingen 2024 Ordensabend 2023<\/p>\n","protected":false},"author":6,"featured_media":0,"parent":0,"menu_order":0,"comment_status":"closed","ping_status":"closed","template":"","meta":{"footnotes":""},"class_list":["post-3897","page","type-page","status-publish","hentry","nodate","item-wrap"],"_links":{"self":[{"href":"https:\/\/wuermlesbader.de\/wp\/index.php?rest_route=\/wp\/v2\/pages\/3897","targetHints":{"allow":["GET"]}}],"collection":[{"href":"https:\/\/wuermlesbader.de\/wp\/index.php?rest_route=\/wp\/v2\/pages"}],"about":[{"href":"https:\/\/wuermlesbader.de\/wp\/index.php?rest_route=\/wp\/v2\/types\/page"}],"author":[{"embeddable":true,"href":"https:\/\/wuermlesbader.de\/wp\/index.php?rest_route=\/wp\/v2\/users\/6"}],"replies":[{"embeddable":true,"href":"https:\/\/wuermlesbader.de\/wp\/index.php?rest_route=%2Fwp%2Fv2%2Fcomments&post=3897"}],"version-history":[{"count":10,"href":"https:\/\/wuermlesbader.de\/wp\/index.php?rest_route=\/wp\/v2\/pages\/3897\/revisions"}],"predecessor-version":[{"id":4301,"href":"https:\/\/wuermlesbader.de\/wp\/index.php?rest_route=\/wp\/v2\/pages\/3897\/revisions\/4301"}],"wp:attachment":[{"href":"https:\/\/wuermlesbader.de\/wp\/index.php?rest_route=%2Fwp%2Fv2%2Fmedia&parent=3897"}],"curies":[{"name":"wp","href":"https:\/\/api.w.org\/{rel}","templated":true}]}}