{"id":182,"date":"2013-06-21T16:50:55","date_gmt":"2013-06-21T14:50:55","guid":{"rendered":"http:\/\/wuermlesbader.de\/wp\/?page_id=182"},"modified":"2025-10-12T18:31:21","modified_gmt":"2025-10-12T16:31:21","slug":"prasidium-2","status":"publish","type":"page","link":"https:\/\/wuermlesbader.de\/wp\/?page_id=182","title":{"rendered":"Pr\u00e4sidium"},"content":{"rendered":"<table border=\"1\">\n<tbody>\n<tr>\n<td><img decoding=\"async\" src=\"https:\/\/wuermlesbader.de\/wp\/wp-content\/uploads\/2025\/10\/vorstand-asv-bissingen-uwe.jpg\" alt=\"uwe\" width=\"150\" \/><\/td>\n<p><!-- td><img decoding=\"async\" src=\"http:\/\/wuermlesbader.de\/wp\/wp-content\/uploads\/2013\/06\/uwe.jpg\" alt=\"uwe\" \/><\/td -->\n<td>1. Vorstand:<br \/>\nUwe Baumstark<br \/>\nAlemannenstrasse 17<br \/>\n74626 Bretzfeld<br \/>\nTel. 07946\/9890066<br \/>\nHandy: 0171\/3669852<br \/>\n<a href=\"mailto:vorsitzender@wuermlesbader.de\">Vorsitzender[at]wuermlesbader.de<\/a><\/td>\n<td><img decoding=\"async\" src=\"https:\/\/wuermlesbader.de\/wp\/wp-content\/uploads\/2024\/05\/asv-65-wuermlesbader-ralf-praesident.jpg\" alt=\"Ralf Pohle\" width=\"150\" \/><\/td>\n<td>Pr\u00e4sident:<br \/>\nRalf Pohle<br \/>\n<a href=\"mailto:praesident@wuermlesbader.de\">praesident[at]wuermlesbader.de<\/a><\/td>\n<\/tr>\n<tr>\n<td><img decoding=\"async\" src=\"http:\/\/wuermlesbader.de\/wp\/wp-content\/uploads\/2013\/06\/ralf.jpg\" alt=\"ralf\" \/><\/td>\n<td>Kassier und Realisation Internet:<br \/>\nRalf Pohle<br \/>\n<a href=\"mailto:kassier@wuermlesbader.de\">Kassier[at]wuermlesbader.de<\/a><\/td>\n<td><a href=\"http:\/\/wuermlesbader.de\/wp\/?attachment_id=384\" rel=\"attachment wp-att-384\"><br \/>\n<!-- img class=\"alignnone size-full wp-image-384\" src=\"http:\/\/wuermlesbader.de\/wp\/wp-content\/uploads\/2013\/04\/Kerstin.jpg\" alt=\"Kerstin\" width=\"142\" height=\"145\" \/ --><\/a><\/td>\n<td>Schriftf\u00fchrerin, Presse:<br \/>\nAndrea Szillat<br \/>\n<a href=\"mailto:schrifti@wuermlesbader.de\">schrifti[at]wuermlesbader.de<\/a><\/td>\n<p><!-- td><img loading=\"lazy\" decoding=\"async\" class=\"alignnone size-full wp-image-2249\" src=\"http:\/\/wuermlesbader.de\/wp\/wp-content\/uploads\/2013\/06\/timo.jpg\" alt=\"timo\" width=\"150\" height=\"150\" \/><\/td --> <!-- td>Jugendwart:\nTimo Dodenh\u00f6ft\n<\/td --><\/tr>\n<tr>\n<td><img loading=\"lazy\" decoding=\"async\" class=\"alignleft size-full wp-image-393\" src=\"https:\/\/wuermlesbader.de\/wp\/wp-content\/uploads\/2025\/10\/uli-vorstand-gewaesserwart.jpg\" alt=\"Uli\" width=\"150\" height=\"150\" \/><\/td>\n<p><!-- td><img loading=\"lazy\" decoding=\"async\" class=\"alignleft size-full wp-image-393\" src=\"http:\/\/wuermlesbader.de\/wp\/wp-content\/uploads\/2013\/06\/Uli.jpg\" alt=\"Uli\" width=\"150\" height=\"150\" \/><\/td -->\n<td>Hauptgew\u00e4sserwart:<br \/>\nUlrich Schubert<br \/>\n<a href=\"mailto:Hauptgewaesserwart@wuermlesbader.de\">Hauptgewaesserwart[at]wuermlesbader.de<\/a><\/td>\n<td><a href=\"http:\/\/wuermlesbader.de\/wp\/wp-content\/uploads\/2013\/06\/thomas.jpg\"><img loading=\"lazy\" decoding=\"async\" class=\"alignleft size-full wp-image-2538\" src=\"http:\/\/wuermlesbader.de\/wp\/wp-content\/uploads\/2013\/06\/thomas.jpg\" alt=\"thomas\" width=\"150\" height=\"150\" srcset=\"https:\/\/wuermlesbader.de\/wp\/wp-content\/uploads\/2013\/06\/thomas.jpg 150w, https:\/\/wuermlesbader.de\/wp\/wp-content\/uploads\/2013\/06\/thomas-144x144.jpg 144w\" sizes=\"auto, (max-width: 150px) 100vw, 150px\" \/><\/a><\/td>\n<td>Gew\u00e4sserwart:<br \/>\nThomas Walter<\/td>\n<\/tr>\n<tr>\n<td>\u00a0<img decoding=\"async\" src=\"http:\/\/wuermlesbader.de\/wp\/wp-content\/uploads\/2013\/06\/angelinasenn.jpg\" alt=\"\" \/><\/td>\n<td>Zunftmeisterin:<br \/>\nAngelina Senn<br \/>\n<a href=\"mailto:zunftmeisterin@wuermlesbader.de\">Zunftmeisterin[at]wuermlesbader.de<\/a><\/td>\n<td><\/td>\n<\/tr>\n<p><!-- tr>\n\n\n<td><\/td>\n\n\n\n\n<td><\/td>\n\n\n<\/tr --><\/tbody>\n<\/table>\n","protected":false},"excerpt":{"rendered":"<p>1. Vorstand: Uwe Baumstark Alemannenstrasse 17 74626 Bretzfeld Tel. 07946\/9890066 Handy: 0171\/3669852 Vorsitzender[at]wuermlesbader.de Pr\u00e4sident: Ralf Pohle praesident[at]wuermlesbader.de Kassier und Realisation Internet: Ralf Pohle Kassier[at]wuermlesbader.de Schriftf\u00fchrerin, Presse: Andrea Szillat schrifti[at]wuermlesbader.de Hauptgew\u00e4sserwart: Ulrich Schubert Hauptgewaesserwart[at]wuermlesbader.de Gew\u00e4sserwart: Thomas Walter \u00a0 Zunftmeisterin: Angelina Senn Zunftmeisterin[at]wuermlesbader.de<\/p>\n","protected":false},"author":2,"featured_media":0,"parent":59,"menu_order":0,"comment_status":"closed","ping_status":"closed","template":"","meta":{"footnotes":""},"class_list":["post-182","page","type-page","status-publish","hentry","nodate","item-wrap"],"_links":{"self":[{"href":"https:\/\/wuermlesbader.de\/wp\/index.php?rest_route=\/wp\/v2\/pages\/182","targetHints":{"allow":["GET"]}}],"collection":[{"href":"https:\/\/wuermlesbader.de\/wp\/index.php?rest_route=\/wp\/v2\/pages"}],"about":[{"href":"https:\/\/wuermlesbader.de\/wp\/index.php?rest_route=\/wp\/v2\/types\/page"}],"author":[{"embeddable":true,"href":"https:\/\/wuermlesbader.de\/wp\/index.php?rest_route=\/wp\/v2\/users\/2"}],"replies":[{"embeddable":true,"href":"https:\/\/wuermlesbader.de\/wp\/index.php?rest_route=%2Fwp%2Fv2%2Fcomments&post=182"}],"version-history":[{"count":48,"href":"https:\/\/wuermlesbader.de\/wp\/index.php?rest_route=\/wp\/v2\/pages\/182\/revisions"}],"predecessor-version":[{"id":4815,"href":"https:\/\/wuermlesbader.de\/wp\/index.php?rest_route=\/wp\/v2\/pages\/182\/revisions\/4815"}],"up":[{"embeddable":true,"href":"https:\/\/wuermlesbader.de\/wp\/index.php?rest_route=\/wp\/v2\/pages\/59"}],"wp:attachment":[{"href":"https:\/\/wuermlesbader.de\/wp\/index.php?rest_route=%2Fwp%2Fv2%2Fmedia&parent=182"}],"curies":[{"name":"wp","href":"https:\/\/api.w.org\/{rel}","templated":true}]}}