{"id":179,"date":"2013-06-21T16:49:56","date_gmt":"2013-06-21T14:49:56","guid":{"rendered":"http:\/\/wuermlesbader.de\/wp\/?page_id=179"},"modified":"2024-05-23T20:41:04","modified_gmt":"2024-05-23T18:41:04","slug":"prasidium","status":"publish","type":"page","link":"https:\/\/wuermlesbader.de\/wp\/?page_id=179","title":{"rendered":"Geschichte"},"content":{"rendered":"<p><img loading=\"lazy\" decoding=\"async\" class=\"alignleft size-full wp-image-237\" alt=\"ASV-Logo\" src=\"http:\/\/wuermlesbader.de\/wp\/wp-content\/uploads\/2013\/06\/ASV-Logo.gif\" width=\"173\" height=\"168\" \/>Der Angel-Sport-Verein 65 e.V. Bissingen\/Enz wurde im Jahre 1965 von Arthur Stefani gegr\u00fcndet. Er war von 1965 bis 1970 der 1. Vorstand des Vereins. Von 1970 bis 1974 war Gerhard Lomott der 1. Vorstand im Verein. Von April 1974 bis 2009 leitet Paul Walter als 1. Vorstand die Geschicke des ASV Bissingen\/Enz. Nach 35 Jahren wurde er zum Ehrenvorstand und Ehrenpr\u00e4sidenten ernannt.<br \/>\nSein Sohn Karsten wurde zum neuen 1. Vorstand gew\u00e4hlt und hatte dieses Amt bis M\u00e4rz 2012 inne.<br \/>\nInzwischen war er bis Dezember 2022 unser Vereins-Pr\u00e4sident. Unser jetziger 1. Vorstand Uwe Baumstark wurde tatkr\u00e4ftig durch ihn unterst\u00fctzt.<br \/>\nDurch sein Ausscheiden im Verein wird bei der Jahreshauptversammlung ein neuer Pr\u00e4sident ernannt der dann weiterhin dem ersten Vorstand mit Rat und Tat zur Seite steht.<\/p>\n<p>Der Mitgliederstand bel\u00e4uft sich zurzeit auf: 175<\/p>\n<p>Wer Interesse hat bei uns mitzumachen, wendet sich bitte an unseren 1. Vorstand Uwe Baumstark, Tel. 0 79 46 \/ 94 96 573 oder per email an praesident@wuermlesbader.de oder \u00fcber die Social Media Auftritte bei Facebook und Instagram.<\/p>\n","protected":false},"excerpt":{"rendered":"<p>Der Angel-Sport-Verein 65 e.V. Bissingen\/Enz wurde im Jahre 1965 von Arthur Stefani gegr\u00fcndet. Er war von 1965 bis 1970 der 1. Vorstand des Vereins. Von 1970 bis 1974 war Gerhard Lomott der 1. Vorstand im Verein. Von April 1974 bis 2009 leitet Paul Walter als 1. Vorstand die Geschicke des ASV Bissingen\/Enz. Nach 35 Jahren &hellip; <\/p>\n<p><a class=\"more-link btn\" href=\"https:\/\/wuermlesbader.de\/wp\/?page_id=179\">Weiterlesen<\/a><\/p>\n","protected":false},"author":2,"featured_media":0,"parent":59,"menu_order":0,"comment_status":"closed","ping_status":"closed","template":"","meta":{"footnotes":""},"class_list":["post-179","page","type-page","status-publish","hentry","nodate","item-wrap"],"_links":{"self":[{"href":"https:\/\/wuermlesbader.de\/wp\/index.php?rest_route=\/wp\/v2\/pages\/179","targetHints":{"allow":["GET"]}}],"collection":[{"href":"https:\/\/wuermlesbader.de\/wp\/index.php?rest_route=\/wp\/v2\/pages"}],"about":[{"href":"https:\/\/wuermlesbader.de\/wp\/index.php?rest_route=\/wp\/v2\/types\/page"}],"author":[{"embeddable":true,"href":"https:\/\/wuermlesbader.de\/wp\/index.php?rest_route=\/wp\/v2\/users\/2"}],"replies":[{"embeddable":true,"href":"https:\/\/wuermlesbader.de\/wp\/index.php?rest_route=%2Fwp%2Fv2%2Fcomments&post=179"}],"version-history":[{"count":17,"href":"https:\/\/wuermlesbader.de\/wp\/index.php?rest_route=\/wp\/v2\/pages\/179\/revisions"}],"predecessor-version":[{"id":4460,"href":"https:\/\/wuermlesbader.de\/wp\/index.php?rest_route=\/wp\/v2\/pages\/179\/revisions\/4460"}],"up":[{"embeddable":true,"href":"https:\/\/wuermlesbader.de\/wp\/index.php?rest_route=\/wp\/v2\/pages\/59"}],"wp:attachment":[{"href":"https:\/\/wuermlesbader.de\/wp\/index.php?rest_route=%2Fwp%2Fv2%2Fmedia&parent=179"}],"curies":[{"name":"wp","href":"https:\/\/api.w.org\/{rel}","templated":true}]}}