{"id":118,"date":"2013-04-30T14:12:43","date_gmt":"2013-04-30T12:12:43","guid":{"rendered":"http:\/\/wuermlesbader.de\/wp\/?page_id=118"},"modified":"2026-03-26T11:52:56","modified_gmt":"2026-03-26T10:52:56","slug":"angler","status":"publish","type":"page","link":"https:\/\/wuermlesbader.de\/wp\/?page_id=118","title":{"rendered":"Angler"},"content":{"rendered":"<p align=\"CENTER\"><span style=\"font-family: Geneva, Arial, serif;\"><span style=\"font-size: x-large;\"><i><b>Angelsportverein 65 e.V. Bissingen \/ Enz<\/b><\/i><\/span><\/span><\/p>\n<p align=\"CENTER\"><span style=\"color: #3366ff;\"><br \/>\n<span style=\"font-family: Geneva, Arial, serif;\"><br \/>\n<span style=\"font-size: x-large;\"><i><b>Angeltermine 2026<\/b><\/i><\/span><\/span><\/span><\/p>\n<p>Termine der Angler 2026 sind geplante Termine. Verschiebungen oder Ausf\u00e4lle werden sp\u00e4testens am Abend vor dem Termin hier auf der Terminseite kommuninziert.<\/p>\n<p>Bitte regelm\u00e4ssig bei Unsicherheit oder Unklarheiten reinschauen.<\/p>\n<p><em>Bei sehr schlechtem Wetter auf dieser Webseite einen Tag vor dem Fischen nachsehen, ob der Termin stattfindet, <\/em><em>oder Gew\u00e4sserwart anrufen.<\/em><\/p>\n<p><!-- a href=\"https:\/\/wuermlesbader.de\/wp\/wp-content\/uploads\/2024\/04\/20240416_Angeltermine_2024.pdf\" target=\"_Blank\" rel=\"noopener\">Download PDF Termin\u00fcbersicht 2024<\/a --><\/p>\n<table border=\"1\" width=\"1045\" cellspacing=\"1\" cellpadding=\"7\">\n<colgroup>\n<col width=\"89\" \/>\n<col width=\"205\" \/>\n<col width=\"66\" \/>\n<col width=\"112\" \/>\n<col width=\"66\" \/>\n<col width=\"205\" \/> <\/colgroup>\n<tbody>\n<tr valign=\"TOP\">\n<td width=\"89\" height=\"25\"><span style=\"color: #3366ff; font-family: Geneva, Arial, serif; font-size: small;\"><i><b>Termin Veranstaltung<\/b><\/i><\/span><\/td>\n<td width=\"205\"><span style=\"color: #3366ff; font-family: Geneva, Arial, serif; font-size: small;\"><i><b>Treffpunkt<\/b><\/i><\/span><\/td>\n<td width=\"86\"><span style=\"color: #3366ff; font-family: Geneva, Arial, serif; font-size: small;\"><i><b>Treffzeit<\/b><\/i><\/span><\/td>\n<td width=\"112\"><span style=\"color: #3366ff; font-family: Geneva, Arial, serif; font-size: small;\"><i><b>Dauer der Veranstaltung<\/b><\/i><\/span><\/td>\n<td width=\"66\"><span style=\"color: #3366ff; font-family: Geneva, Arial, serif; font-size: small;\"><i><b>Wiegen<\/b><\/i><\/span><\/td>\n<td width=\"205\"><span style=\"color: #3366ff; font-family: Geneva, Arial, serif; font-size: small;\"><i><b>Bemerkung<\/b><\/i><\/span><\/td>\n<\/tr>\n<tr valign=\"TOP\">\n<td width=\"89\" height=\"28\"><\/td>\n<td width=\"205\"><\/td>\n<td width=\"86\"><\/td>\n<td width=\"112\"><\/td>\n<td width=\"66\"><\/td>\n<td width=\"205\"><\/td>\n<\/tr>\n<tr valign=\"TOP\">\n<td width=\"89\"><span style=\"font-size: small;\"><i><b>07.03.2026<\/b><\/i><\/span><br \/>\n<span style=\"font-size: small;\"><i>(Samstag)<\/i><\/span><br \/>\n<strong><em>Tag des Neckars Neckarputzete<\/em><\/strong><\/td>\n<td width=\"205\"><em>Parkplatz Ortseingang Gemmrigheim<br \/>\n(Gemeindehalle von Besigheim Landstrasse kommend, nicht B27)<\/em><\/td>\n<td width=\"86\"><span style=\"font-size: small;\">07:45 Uhr<\/span><\/td>\n<td width=\"112\"><span style=\"font-size: small;\">ca. 11:00 Uhr<\/span><\/td>\n<td width=\"66\"><\/td>\n<td width=\"205\"><span style=\"font-size: small;\"><i>ca. 11:00 Uhr Ende &#8211; Essen fassen bei unseren Angelfreunden Kirchheim am alten Sportplatz in Kirchheim (N\u00e4he Kl\u00e4ranlage)<\/i><\/span><\/td>\n<\/tr>\n<tr valign=\"TOP\">\n<td width=\"89\"><span style=\"font-size: small;\"><i><b>09.05.2026<\/b><\/i><br \/>\n(Samstag)<\/span><i><\/i><br \/><strong><em>Anfischen<br \/>\n<\/em><\/strong><\/td>\n<td width=\"205\"><em>Parkplatz Gemmrigheim<br \/>\n<\/em><br \/>\n&nbsp;<\/td>\n<td width=\"86\"><span style=\"font-size: small;\">06:45 Uhr<\/span><\/td>\n<td width=\"112\"><span style=\"font-size: small;\">07:00 &#8211; 12:00 Uhr<\/span><\/td>\n<td width=\"66\"><span style=\"font-size: small;\">12:15 Uhr<\/span><\/td>\n<td width=\"205\"><span style=\"font-size: small;\"><i>Bei sehr schlechtem Wetter auf dieser Webseite einen Tag vor dem Fischen nachsehen, ob der Termin stattfindet<br \/>\noder Gew\u00e4sserwart anrufen<br \/>\n<\/i><\/span><\/td>\n<\/tr>\n<tr valign=\"TOP\">\n<td width=\"89\"><span style=\"font-size: small;\"><i><b>21.06.2026<\/b><\/i><br \/>\n(Sonntag)<\/span><i><\/i><br \/><strong><em>Hegefischen<br \/>\n<\/em><\/strong><\/td>\n<td width=\"205\"><em>Parkplatz Gemmrigheim<br \/>\n<\/em><br \/>\n&nbsp;<\/td>\n<td width=\"86\"><span style=\"font-size: small;\">06:45 Uhr<\/span><\/td>\n<td width=\"112\"><span style=\"font-size: small;\">07:00 &#8211; 12:00 Uhr<\/span><\/td>\n<td width=\"66\"><span style=\"font-size: small;\">12:15 Uhr<\/span><\/td>\n<td width=\"205\"><span style=\"font-size: small;\"><i>Bei sehr schlechtem Wetter auf dieser Webseite einen Tag vor dem Fischen nachsehen, ob der Termin stattfindet<br \/>\noder Gew\u00e4sserwart anrufen<br \/>\n<\/i><\/span><\/td>\n<\/tr>\n<tr valign=\"TOP\">\n<td width=\"89\"><span style=\"font-size: small;\"><i><b>10.07.2026<\/b><\/i><br \/>\n(Freitag) <\/span><i><\/i><br \/><strong><em>Nachtfischen<\/em><\/strong><\/td>\n<td width=\"205\"><em>Parkplatz Gemmrigheim<br \/>\n<\/em><br \/>\n&nbsp;<\/td>\n<td width=\"86\"><span style=\"font-size: small;\">18:45 Uhr<\/span><\/td>\n<td width=\"112\"><span style=\"font-size: small;\">19:00 &#8211; 01:00 Uhr<\/span><\/td>\n<td width=\"66\"><span style=\"font-size: small;\">01:15 Uhr<\/span><\/td>\n<td width=\"205\"><span style=\"font-size: small;\"><i>Bei sehr schlechtem Wetter auf dieser Webseite einen Tag vor dem Fischen nachsehen, ob der Termin stattfindet<br \/>\noder Gew\u00e4sserwart anrufen<br \/>\n<\/i><\/span><\/td>\n<\/tr>\n<tr valign=\"TOP\">\n<td width=\"89\" height=\"28\">Familienfischen mit Jugendfischen<br \/>\n\n<\/td>\n<td width=\"205\"><strong>Geplant : Forellensee <br \/>(mit Schnupperangeln f\u00fcr Kinder)<br \/>\n<\/strong><\/td>\n<td width=\"86\"><\/td>\n<td width=\"112\"><\/td>\n<td width=\"66\"><\/td>\n<td width=\"205\">Termin und Ort werden noch separat genannt<\/td>\n<\/tr>\n<p><!-- tr valign=\"TOP\">\n\n\n<td width=\"89\"><span style=\"font-size: small;\"><i><b>10.07.2026<\/b><\/i>\n(Freitag) <\/span><i><\/i><br \/><strong><em>Nachtfischen<\/em><\/strong><\/td>\n\n\n\n\n<td width=\"205\"><em>Parkplatz Gemmrigheim\n<\/em>\n&nbsp;<\/td>\n\n\n\n\n<td width=\"86\"><span style=\"font-size: small;\">18:45 Uhr<\/span><\/td>\n\n\n\n\n<td width=\"112\"><span style=\"font-size: small;\">19:00 - 01:00 Uhr<\/span><\/td>\n\n\n\n\n<td width=\"66\"><span style=\"font-size: small;\">01:15 Uhr<\/span><\/td>\n\n\n\n\n<td width=\"205\"><span style=\"font-size: small;\"><i>Bei sehr schlechtem Wetter auf dieser Webseite einen Tag vor dem Fischen nachsehen, ob der Termin stattfindet\noder Gew\u00e4sserwart anrufen\n<\/i><\/span><\/td>\n\n\n<\/tr -->\n<tr valign=\"TOP\">\n<td width=\"89\" height=\"28\"><\/td>\n<td width=\"205\"><strong><\/strong><\/td>\n<td width=\"86\"><\/td>\n<td width=\"112\"><\/td>\n<td width=\"66\"><\/td>\n<td width=\"205\"><\/td>\n<\/tr>\n<p><!-- tr valign=\"TOP\">\n\n\n<td width=\"89\" height=\"28\"><\/td>\n\n\n\n\n<td width=\"205\"><strong><\/strong><\/td>\n\n\n\n\n<td width=\"86\"><\/td>\n\n\n\n\n<td width=\"112\"><\/td>\n\n\n\n\n<td width=\"66\"><\/td>\n\n\n\n\n<td width=\"205\"><\/td>\n\n\n<\/tr -->\n<tr valign=\"TOP\">\n<td width=\"89\"><span style=\"font-size: small;\"><i><b>10.10.2026<\/b><\/i><br \/>\n(Samstag) <\/span><i><\/i><strong><em><br \/>Abfischen<br \/>\n<\/em><\/strong><\/td>\n<td width=\"205\"><em>Parkplatz Gemmrigheim<br \/>\n<\/em><br \/>\n&nbsp;<\/td>\n<td width=\"86\"><span style=\"font-size: small;\">06:45 Uhr<\/span><\/td>\n<td width=\"112\"><span style=\"font-size: small;\">07:00 &#8211; 12:00 Uhr<\/span><\/td>\n<td width=\"66\"><span style=\"font-size: small;\">12:15 Uhr<\/span><\/td>\n<td width=\"205\"><span style=\"font-size: small;\"><i>Wiegen an der Angelstelle<br \/>\nTeilnehmer bitte vor Beginn bei mir (Uli) melden (Teilnehmerliste)<br \/>\nAngelstelle wird bekannt gegeben<\/i><\/span><\/td>\n<\/tr>\n<tr valign=\"TOP\">\n<td width=\"89\"><span style=\"font-size: small;\"><i><b>Termin folgt<\/b><\/i><br \/>\n<\/span><i><\/i><strong><em>K\u00f6nigskette<br \/>\n<\/em><\/strong><\/td>\n<td width=\"205\"><em>K\u00f6nigskettenfischen<\/p>\n<p><\/em><br \/>\n&nbsp;<\/td>\n<td width=\"86\"><\/td>\n<td width=\"112\"><span style=\"font-size: small;\"><\/span><\/td>\n<td width=\"66\"><\/td>\n<td width=\"205\">Termin und Ort werden noch separat genannt<\/td>\n<\/tr --><\/tbody>\n<\/table>\n","protected":false},"excerpt":{"rendered":"<p>Angelsportverein 65 e.V. Bissingen \/ Enz Angeltermine 2026 Termine der Angler 2026 sind geplante Termine. Verschiebungen oder Ausf\u00e4lle werden sp\u00e4testens am Abend vor dem Termin hier auf der Terminseite kommuninziert. Bitte regelm\u00e4ssig bei Unsicherheit oder Unklarheiten reinschauen. Bei sehr schlechtem Wetter auf dieser Webseite einen Tag vor dem Fischen nachsehen, ob der Termin stattfindet, oder &hellip; <\/p>\n<p><a class=\"more-link btn\" href=\"https:\/\/wuermlesbader.de\/wp\/?page_id=118\">Weiterlesen<\/a><\/p>\n","protected":false},"author":2,"featured_media":0,"parent":4939,"menu_order":0,"comment_status":"closed","ping_status":"closed","template":"","meta":{"footnotes":""},"class_list":["post-118","page","type-page","status-publish","hentry","nodate","item-wrap"],"_links":{"self":[{"href":"https:\/\/wuermlesbader.de\/wp\/index.php?rest_route=\/wp\/v2\/pages\/118","targetHints":{"allow":["GET"]}}],"collection":[{"href":"https:\/\/wuermlesbader.de\/wp\/index.php?rest_route=\/wp\/v2\/pages"}],"about":[{"href":"https:\/\/wuermlesbader.de\/wp\/index.php?rest_route=\/wp\/v2\/types\/page"}],"author":[{"embeddable":true,"href":"https:\/\/wuermlesbader.de\/wp\/index.php?rest_route=\/wp\/v2\/users\/2"}],"replies":[{"embeddable":true,"href":"https:\/\/wuermlesbader.de\/wp\/index.php?rest_route=%2Fwp%2Fv2%2Fcomments&post=118"}],"version-history":[{"count":151,"href":"https:\/\/wuermlesbader.de\/wp\/index.php?rest_route=\/wp\/v2\/pages\/118\/revisions"}],"predecessor-version":[{"id":4951,"href":"https:\/\/wuermlesbader.de\/wp\/index.php?rest_route=\/wp\/v2\/pages\/118\/revisions\/4951"}],"up":[{"embeddable":true,"href":"https:\/\/wuermlesbader.de\/wp\/index.php?rest_route=\/wp\/v2\/pages\/4939"}],"wp:attachment":[{"href":"https:\/\/wuermlesbader.de\/wp\/index.php?rest_route=%2Fwp%2Fv2%2Fmedia&parent=118"}],"curies":[{"name":"wp","href":"https:\/\/api.w.org\/{rel}","templated":true}]}}